{"id":80,"date":"2020-04-10T19:49:17","date_gmt":"2020-04-10T18:49:17","guid":{"rendered":"https:\/\/dev.backstein-objekte.de\/?page_id=80"},"modified":"2020-05-01T10:26:04","modified_gmt":"2020-05-01T09:26:04","slug":"etwas-besonderes","status":"publish","type":"page","link":"https:\/\/www.backstein-objekte.de\/","title":{"rendered":"Backstein Objekte"},"content":{"rendered":"<p><a class=\"Magic360\" data-options=\"filename:shoe-960-{col}.jpg; rows:1; columns:36;\"><img class=\"aligncenter\" src=\"https:\/\/www.backstein-objekte.de\/wp-content\/uploads\/shoe-960-01.jpg\" \/><\/a><\/p>\n<p style=\"text-align: center;\">\n<h3 style=\"text-align: left;\">etwas Besonderes \u2026<\/h3>\n<p style=\"font-size: 18px; text-align: left;\">Als ich 1978 zum ersten Mal mit Beton in Ber\u00fchrung kam, war ich 15 Jahre alt und als Aushilfe bei einer K\u00fcnstlerin besch\u00e4ftigt, die im gleichen Dorf wohnte wie ich. Ich half ihr beim Bemalen ihrer Betonfiguren, und sie zeigte mir daf\u00fcr, wie man mit Beton modelliert. Seit dieser Zeit hat mich Beton nicht mehr losgelassen.<\/p>\n","protected":false},"excerpt":{"rendered":"<p>etwas Besonderes \u2026 Als ich 1978 zum ersten Mal mit Beton in Ber\u00fchrung kam, war ich 15 Jahre alt und als Aushilfe bei einer K\u00fcnstlerin besch\u00e4ftigt, die im gleichen Dorf wohnte wie ich. Ich half ihr beim Bemalen ihrer Betonfiguren, und sie zeigte mir daf\u00fcr, wie man mit Beton modelliert. Seit dieser Zeit hat mich [&hellip;]<\/p>\n","protected":false},"author":1,"featured_media":0,"parent":0,"menu_order":0,"comment_status":"closed","ping_status":"closed","template":"","meta":[],"yoast_head":"<!-- This site is optimized with the Yoast SEO plugin v15.9.2 - https:\/\/yoast.com\/wordpress\/plugins\/seo\/ -->\n<title>Backstein Objekte - Sven Backstein<\/title>\n<meta name=\"robots\" content=\"index, follow, max-snippet:-1, max-image-preview:large, max-video-preview:-1\" \/>\n<link rel=\"canonical\" href=\"https:\/\/www.backstein-objekte.de\/\" \/>\n<meta property=\"og:locale\" content=\"de_DE\" \/>\n<meta property=\"og:type\" content=\"article\" \/>\n<meta property=\"og:title\" content=\"Backstein Objekte - Sven Backstein\" \/>\n<meta property=\"og:description\" content=\"etwas Besonderes \u2026 Als ich 1978 zum ersten Mal mit Beton in Ber\u00fchrung kam, war ich 15 Jahre alt und als Aushilfe bei einer K\u00fcnstlerin besch\u00e4ftigt, die im gleichen Dorf wohnte wie ich. Ich half ihr beim Bemalen ihrer Betonfiguren, und sie zeigte mir daf\u00fcr, wie man mit Beton modelliert. Seit dieser Zeit hat mich [&hellip;]\" \/>\n<meta property=\"og:url\" content=\"https:\/\/www.backstein-objekte.de\/\" \/>\n<meta property=\"og:site_name\" content=\"Sven Backstein\" \/>\n<meta property=\"article:modified_time\" content=\"2020-05-01T09:26:04+00:00\" \/>\n<meta property=\"og:image\" content=\"https:\/\/www.backstein-objekte.de\/wp-content\/uploads\/shoe-960-01.jpg\" \/>\n<meta name=\"twitter:card\" content=\"summary_large_image\" \/>\n<script type=\"application\/ld+json\" class=\"yoast-schema-graph\">{\"@context\":\"https:\/\/schema.org\",\"@graph\":[{\"@type\":\"WebSite\",\"@id\":\"https:\/\/www.backstein-objekte.de\/#website\",\"url\":\"https:\/\/www.backstein-objekte.de\/\",\"name\":\"Sven Backstein\",\"description\":\"Kunst aus Beton\",\"potentialAction\":[{\"@type\":\"SearchAction\",\"target\":\"https:\/\/www.backstein-objekte.de\/?s={search_term_string}\",\"query-input\":\"required name=search_term_string\"}],\"inLanguage\":\"de\"},{\"@type\":\"ImageObject\",\"@id\":\"https:\/\/www.backstein-objekte.de\/#primaryimage\",\"inLanguage\":\"de\",\"url\":\"https:\/\/www.backstein-objekte.de\/wp-content\/uploads\/shoe-960-01.jpg\",\"width\":720,\"height\":550},{\"@type\":\"WebPage\",\"@id\":\"https:\/\/www.backstein-objekte.de\/#webpage\",\"url\":\"https:\/\/www.backstein-objekte.de\/\",\"name\":\"Backstein Objekte - Sven Backstein\",\"isPartOf\":{\"@id\":\"https:\/\/www.backstein-objekte.de\/#website\"},\"primaryImageOfPage\":{\"@id\":\"https:\/\/www.backstein-objekte.de\/#primaryimage\"},\"datePublished\":\"2020-04-10T18:49:17+00:00\",\"dateModified\":\"2020-05-01T09:26:04+00:00\",\"breadcrumb\":{\"@id\":\"https:\/\/www.backstein-objekte.de\/#breadcrumb\"},\"inLanguage\":\"de\",\"potentialAction\":[{\"@type\":\"ReadAction\",\"target\":[\"https:\/\/www.backstein-objekte.de\/\"]}]},{\"@type\":\"BreadcrumbList\",\"@id\":\"https:\/\/www.backstein-objekte.de\/#breadcrumb\",\"itemListElement\":[{\"@type\":\"ListItem\",\"position\":1,\"item\":{\"@type\":\"WebPage\",\"@id\":\"https:\/\/www.backstein-objekte.de\/\",\"url\":\"https:\/\/www.backstein-objekte.de\/\",\"name\":\"Home\"}},{\"@type\":\"ListItem\",\"position\":2,\"item\":{\"@type\":\"WebPage\",\"@id\":\"https:\/\/www.backstein-objekte.de\/\",\"url\":\"https:\/\/www.backstein-objekte.de\/\",\"name\":\"Backstein Objekte\"}}]}]}<\/script>\n<!-- \/ Yoast SEO plugin. -->","_links":{"self":[{"href":"https:\/\/www.backstein-objekte.de\/index.php\/wp-json\/wp\/v2\/pages\/80"}],"collection":[{"href":"https:\/\/www.backstein-objekte.de\/index.php\/wp-json\/wp\/v2\/pages"}],"about":[{"href":"https:\/\/www.backstein-objekte.de\/index.php\/wp-json\/wp\/v2\/types\/page"}],"author":[{"embeddable":true,"href":"https:\/\/www.backstein-objekte.de\/index.php\/wp-json\/wp\/v2\/users\/1"}],"replies":[{"embeddable":true,"href":"https:\/\/www.backstein-objekte.de\/index.php\/wp-json\/wp\/v2\/comments?post=80"}],"version-history":[{"count":25,"href":"https:\/\/www.backstein-objekte.de\/index.php\/wp-json\/wp\/v2\/pages\/80\/revisions"}],"predecessor-version":[{"id":1131,"href":"https:\/\/www.backstein-objekte.de\/index.php\/wp-json\/wp\/v2\/pages\/80\/revisions\/1131"}],"wp:attachment":[{"href":"https:\/\/www.backstein-objekte.de\/index.php\/wp-json\/wp\/v2\/media?parent=80"}],"curies":[{"name":"wp","href":"https:\/\/api.w.org\/{rel}","templated":true}]}}