{"id":121,"date":"2020-04-10T20:42:10","date_gmt":"2020-04-10T19:42:10","guid":{"rendered":"https:\/\/dev.backstein-objekte.de\/?page_id=121"},"modified":"2020-04-26T10:47:23","modified_gmt":"2020-04-26T09:47:23","slug":"vita","status":"publish","type":"page","link":"https:\/\/www.backstein-objekte.de\/index.php\/vita\/","title":{"rendered":"Vita"},"content":{"rendered":"\n<div class=\"wp-block-image is-style-default\"><figure class=\"alignright size-medium is-resized\"><img loading=\"lazy\" src=\"https:\/\/dev.backstein-objekte.de\/wp-content\/uploads\/2020\/04\/t_sven-backstein-212x300.jpg\" alt=\"\" class=\"wp-image-126\" width=\"153\" height=\"217\" srcset=\"https:\/\/www.backstein-objekte.de\/wp-content\/uploads\/2020\/04\/t_sven-backstein-212x300.jpg 212w, https:\/\/www.backstein-objekte.de\/wp-content\/uploads\/2020\/04\/t_sven-backstein.jpg 283w\" sizes=\"(max-width: 153px) 100vw, 153px\" \/><\/figure><\/div>\n\n\n\n<p>1962 geboren in Hattingen\/Ruhr<\/p>\n\n\n\n<p>1978 Praktikum bei der Betonbildhauerin Vera Keune in Meerbusch<\/p>\n\n\n\n<p>1978 Erste eigene Werkstatt in Meerbusch, Beginn des Selbststudiums an einfachen Plastiken<\/p>\n\n\n\n<p>1985 Umzug in Aachener Werkstatt, Studium werkstoffgerechter Modelliertechniken, zahlreiche Tierplastiken<\/p>\n\n\n\n<p>1989 Umzug der Werkstatt nach W\u00fcrselen bei Aachen, Studien der \nAusdrucksformen des menschlichen K\u00f6rpers, Anfertigung von B\u00fcsten, \nSelbstportraits und Milieuszenen, intensive Besch\u00e4ftigung mit \nAbformtechniken<\/p>\n\n\n\n<p>1991 Abschluss als Diplomingenieur an der RWTH Aachen<\/p>\n\n\n\n<p>1996 Umzug der Werkstatt nach Obertiefenbach bei Limburg, Entwurf von Tiergruppen und Anfertigung zahlreicher Reproduktionen<\/p>\n\n\n\n<p>1997&nbsp;Promotion an der RWTH Aachen<\/p>\n\n\n\n<p>1999 Umzug in den Backsteinhof nach Idstein-Heftrich, nach l\u00e4ngerer \nUmbauphase Fortsetzung des k\u00fcnstlerischen Selbststudiums, intensive \nBesch\u00e4ftigung mit dem Werkstoff Beton, Arbeit mit k\u00fcnstlichem Sandstein,\n erste Gro\u00dfplastiken<\/p>\n\n\n\n<p>2006 Beginn der didaktischen Aufarbeitung des Werkstoffs Beton, \nAusrichtung von Kursen f\u00fcr Erwachsene und Schulkinder, verst\u00e4rkte \nTeilnahme an Ausstellungen im \u00f6ffentlichen Raum<\/p>\n\n\n\n<p>2009 Buchver\u00f6ffentlichung &#8222;Kunst aus Beton&#8220;<\/p>\n\n\n\n<p>2010 Leitung zahlreicher Betonworkshops in Deutschland, \u00d6sterreich, \nder Schweiz und Frankreich, Bau von bespielbaren Gro\u00dfplastiken f\u00fcr \nKinder in Bochum und Rheinfelden<\/p>\n\n\n\n<p><\/p>\n","protected":false},"excerpt":{"rendered":"<p>1962 geboren in Hattingen\/Ruhr 1978 Praktikum bei der Betonbildhauerin Vera Keune in Meerbusch 1978 Erste eigene Werkstatt in Meerbusch, Beginn des Selbststudiums an einfachen Plastiken 1985 Umzug in Aachener Werkstatt, Studium werkstoffgerechter Modelliertechniken, zahlreiche Tierplastiken 1989 Umzug der Werkstatt nach W\u00fcrselen bei Aachen, Studien der Ausdrucksformen des menschlichen K\u00f6rpers, Anfertigung von B\u00fcsten, Selbstportraits und Milieuszenen, [&hellip;]<\/p>\n","protected":false},"author":1,"featured_media":0,"parent":0,"menu_order":0,"comment_status":"closed","ping_status":"closed","template":"","meta":[],"yoast_head":"<!-- This site is optimized with the Yoast SEO plugin v15.9.2 - https:\/\/yoast.com\/wordpress\/plugins\/seo\/ -->\n<title>Vita - Sven Backstein<\/title>\n<meta name=\"robots\" content=\"index, follow, max-snippet:-1, max-image-preview:large, max-video-preview:-1\" \/>\n<link rel=\"canonical\" href=\"https:\/\/www.backstein-objekte.de\/index.php\/vita\/\" \/>\n<meta property=\"og:locale\" content=\"de_DE\" \/>\n<meta property=\"og:type\" content=\"article\" \/>\n<meta property=\"og:title\" content=\"Vita - Sven Backstein\" \/>\n<meta property=\"og:description\" content=\"1962 geboren in Hattingen\/Ruhr 1978 Praktikum bei der Betonbildhauerin Vera Keune in Meerbusch 1978 Erste eigene Werkstatt in Meerbusch, Beginn des Selbststudiums an einfachen Plastiken 1985 Umzug in Aachener Werkstatt, Studium werkstoffgerechter Modelliertechniken, zahlreiche Tierplastiken 1989 Umzug der Werkstatt nach W\u00fcrselen bei Aachen, Studien der Ausdrucksformen des menschlichen K\u00f6rpers, Anfertigung von B\u00fcsten, Selbstportraits und Milieuszenen, [&hellip;]\" \/>\n<meta property=\"og:url\" content=\"https:\/\/www.backstein-objekte.de\/index.php\/vita\/\" \/>\n<meta property=\"og:site_name\" content=\"Sven Backstein\" \/>\n<meta property=\"article:modified_time\" content=\"2020-04-26T09:47:23+00:00\" \/>\n<meta property=\"og:image\" content=\"https:\/\/dev.backstein-objekte.de\/wp-content\/uploads\/2020\/04\/t_sven-backstein-212x300.jpg\" \/>\n<meta name=\"twitter:card\" content=\"summary_large_image\" \/>\n<meta name=\"twitter:label1\" content=\"Gesch\u00e4tzte Lesezeit\">\n\t<meta name=\"twitter:data1\" content=\"1\u00a0Minute\">\n<script type=\"application\/ld+json\" class=\"yoast-schema-graph\">{\"@context\":\"https:\/\/schema.org\",\"@graph\":[{\"@type\":\"WebSite\",\"@id\":\"https:\/\/www.backstein-objekte.de\/#website\",\"url\":\"https:\/\/www.backstein-objekte.de\/\",\"name\":\"Sven Backstein\",\"description\":\"Kunst aus Beton\",\"potentialAction\":[{\"@type\":\"SearchAction\",\"target\":\"https:\/\/www.backstein-objekte.de\/?s={search_term_string}\",\"query-input\":\"required name=search_term_string\"}],\"inLanguage\":\"de\"},{\"@type\":\"ImageObject\",\"@id\":\"https:\/\/www.backstein-objekte.de\/index.php\/vita\/#primaryimage\",\"inLanguage\":\"de\",\"url\":\"https:\/\/dev.backstein-objekte.de\/wp-content\/uploads\/2020\/04\/t_sven-backstein-212x300.jpg\"},{\"@type\":\"WebPage\",\"@id\":\"https:\/\/www.backstein-objekte.de\/index.php\/vita\/#webpage\",\"url\":\"https:\/\/www.backstein-objekte.de\/index.php\/vita\/\",\"name\":\"Vita - Sven Backstein\",\"isPartOf\":{\"@id\":\"https:\/\/www.backstein-objekte.de\/#website\"},\"primaryImageOfPage\":{\"@id\":\"https:\/\/www.backstein-objekte.de\/index.php\/vita\/#primaryimage\"},\"datePublished\":\"2020-04-10T19:42:10+00:00\",\"dateModified\":\"2020-04-26T09:47:23+00:00\",\"breadcrumb\":{\"@id\":\"https:\/\/www.backstein-objekte.de\/index.php\/vita\/#breadcrumb\"},\"inLanguage\":\"de\",\"potentialAction\":[{\"@type\":\"ReadAction\",\"target\":[\"https:\/\/www.backstein-objekte.de\/index.php\/vita\/\"]}]},{\"@type\":\"BreadcrumbList\",\"@id\":\"https:\/\/www.backstein-objekte.de\/index.php\/vita\/#breadcrumb\",\"itemListElement\":[{\"@type\":\"ListItem\",\"position\":1,\"item\":{\"@type\":\"WebPage\",\"@id\":\"https:\/\/www.backstein-objekte.de\/\",\"url\":\"https:\/\/www.backstein-objekte.de\/\",\"name\":\"Home\"}},{\"@type\":\"ListItem\",\"position\":2,\"item\":{\"@type\":\"WebPage\",\"@id\":\"https:\/\/www.backstein-objekte.de\/index.php\/vita\/\",\"url\":\"https:\/\/www.backstein-objekte.de\/index.php\/vita\/\",\"name\":\"Vita\"}}]}]}<\/script>\n<!-- \/ Yoast SEO plugin. -->","_links":{"self":[{"href":"https:\/\/www.backstein-objekte.de\/index.php\/wp-json\/wp\/v2\/pages\/121"}],"collection":[{"href":"https:\/\/www.backstein-objekte.de\/index.php\/wp-json\/wp\/v2\/pages"}],"about":[{"href":"https:\/\/www.backstein-objekte.de\/index.php\/wp-json\/wp\/v2\/types\/page"}],"author":[{"embeddable":true,"href":"https:\/\/www.backstein-objekte.de\/index.php\/wp-json\/wp\/v2\/users\/1"}],"replies":[{"embeddable":true,"href":"https:\/\/www.backstein-objekte.de\/index.php\/wp-json\/wp\/v2\/comments?post=121"}],"version-history":[{"count":15,"href":"https:\/\/www.backstein-objekte.de\/index.php\/wp-json\/wp\/v2\/pages\/121\/revisions"}],"predecessor-version":[{"id":149,"href":"https:\/\/www.backstein-objekte.de\/index.php\/wp-json\/wp\/v2\/pages\/121\/revisions\/149"}],"wp:attachment":[{"href":"https:\/\/www.backstein-objekte.de\/index.php\/wp-json\/wp\/v2\/media?parent=121"}],"curies":[{"name":"wp","href":"https:\/\/api.w.org\/{rel}","templated":true}]}}